{"id":714,"date":"2024-01-20T21:50:58","date_gmt":"2024-01-20T20:50:58","guid":{"rendered":"https:\/\/cristalesvida.com\/?post_type=product&#038;p=714"},"modified":"2024-01-20T21:56:22","modified_gmt":"2024-01-20T20:56:22","slug":"huevo-celestita","status":"publish","type":"product","link":"https:\/\/cristalesvida.com\/index.php\/product\/huevo-celestita\/","title":{"rendered":"Huevo Celestita"},"content":{"rendered":"<p>Explora la magia y la tranquilidad de este cristal en forma de huevo, tallado con esmero a partir de la deslumbrante Celestita. Cada huevo encierra la esencia celeste de este mineral, ofreciendo una conexi\u00f3n \u00fanica con la energ\u00eda celestial y la calma profunda.<\/p>\n<p>Visualiza los Huevo de Celestita, cada uno una obra maestra cristalina que emana tonos suaves y celestiales. La Celestita, con su caracter\u00edstico color azul cielo, se convierte en un s\u00edmbolo de paz y elevaci\u00f3n espiritual, creando un v\u00ednculo especial entre el reino terrenal y el divino.<\/p>\n<p>A trav\u00e9s de nuestra p\u00e1gina, descubrir\u00e1s la magia detr\u00e1s de la Celestita y c\u00f3mo estos huevos cristalinos pueden intensificar sus propiedades curativas. Explora la conexi\u00f3n espiritual y la sensaci\u00f3n de tranquilidad que la Celestita puede aportar a tu vida, ya que se considera un cristal asociado con la comunicaci\u00f3n angelical y la armon\u00eda interior.<\/p>\n<p>Sum\u00e9rgete en gu\u00edas pr\u00e1cticas sobre c\u00f3mo integrar el Huevo de Celestita en tu vida cotidiana. Desde sesiones de meditaci\u00f3n hasta colocarlos en espacios de descanso, encontrar\u00e1s diversas formas de aprovechar la energ\u00eda serena y celestial de estos huevos.<\/p>\n","protected":false},"excerpt":{"rendered":"<p>Explora la magia y la tranquilidad de este cristal en forma de huevo, tallado con esmero a partir de la deslumbrante Celestita.<\/p>\n<p>Cada huevo encierra la esencia celeste de este mineral, ofreciendo una <strong>conexi\u00f3n \u00fanica con la energ\u00eda celestial y la calma profunda.<\/strong><\/p>\n<p>Visualiza los Huevo de Celestita, cada uno una obra maestra cristalina que emana tonos suaves y celestiales.<\/p>\n<p><strong>La Celestita, con su caracter\u00edstico color azul cielo, se convierte en un s\u00edmbolo de paz y elevaci\u00f3n espiritual, creando un v\u00ednculo especial entre el reino terrenal y el divino.<\/strong><\/p>\n","protected":false},"featured_media":715,"comment_status":"closed","ping_status":"closed","template":"","meta":{"om_disable_all_campaigns":false,"_monsterinsights_skip_tracking":false,"_monsterinsights_sitenote_active":false,"_monsterinsights_sitenote_note":"","_monsterinsights_sitenote_category":0,"_uf_show_specific_survey":0,"_uf_disable_surveys":false},"product_cat":[66,41,67,35],"product_tag":[],"class_list":{"0":"post-714","1":"product","2":"type-product","3":"status-publish","4":"has-post-thumbnail","6":"product_cat-celestita","7":"product_cat-decorativas","8":"product_cat-huevo","9":"product_cat-piedrastalladas","11":"first","12":"instock","13":"shipping-taxable","14":"purchasable","15":"product-type-simple"},"aioseo_notices":[],"jetpack_sharing_enabled":true,"_links":{"self":[{"href":"https:\/\/cristalesvida.com\/index.php\/wp-json\/wp\/v2\/product\/714","targetHints":{"allow":["GET"]}}],"collection":[{"href":"https:\/\/cristalesvida.com\/index.php\/wp-json\/wp\/v2\/product"}],"about":[{"href":"https:\/\/cristalesvida.com\/index.php\/wp-json\/wp\/v2\/types\/product"}],"replies":[{"embeddable":true,"href":"https:\/\/cristalesvida.com\/index.php\/wp-json\/wp\/v2\/comments?post=714"}],"wp:featuredmedia":[{"embeddable":true,"href":"https:\/\/cristalesvida.com\/index.php\/wp-json\/wp\/v2\/media\/715"}],"wp:attachment":[{"href":"https:\/\/cristalesvida.com\/index.php\/wp-json\/wp\/v2\/media?parent=714"}],"wp:term":[{"taxonomy":"product_cat","embeddable":true,"href":"https:\/\/cristalesvida.com\/index.php\/wp-json\/wp\/v2\/product_cat?post=714"},{"taxonomy":"product_tag","embeddable":true,"href":"https:\/\/cristalesvida.com\/index.php\/wp-json\/wp\/v2\/product_tag?post=714"}],"curies":[{"name":"wp","href":"https:\/\/api.w.org\/{rel}","templated":true}]}}