{"id":704,"date":"2024-01-20T21:22:55","date_gmt":"2024-01-20T20:22:55","guid":{"rendered":"https:\/\/cristalesvida.com\/?post_type=product&#038;p=704"},"modified":"2024-01-20T21:23:47","modified_gmt":"2024-01-20T20:23:47","slug":"obelisco-obsidiana","status":"publish","type":"product","link":"https:\/\/cristalesvida.com\/index.php\/product\/obelisco-obsidiana\/","title":{"rendered":"Obelisco Obsidiana"},"content":{"rendered":"<p>Explora la magia y la fuerza protectora de este cristal \u00fanico esculpido en la forma emblem\u00e1tica de un obelisco. Nuestra p\u00e1gina te sumergir\u00e1 en el fascinante mundo de la Obsidiana, destacando su elegancia oscura y su capacidad para aportar claridad y protecci\u00f3n a tu vida.<\/p>\n<p>Visualiza el poderoso Obelisco de Obsidiana, un monumento esculpido con precisi\u00f3n que encierra la esencia misma de la tierra en su color negro intenso. Cada faceta de este obelisco cuenta una historia de fuerza y conexi\u00f3n con la energ\u00eda primordial de la naturaleza.<\/p>\n<p>A trav\u00e9s de nuestra p\u00e1gina, descubrir\u00e1s los misterios detr\u00e1s de la formaci\u00f3n de la Obsidiana y las propiedades que la convierten en una herramienta esencial para la protecci\u00f3n y la introspecci\u00f3n. Explora la rica historia de este cristal nacido del fuego volc\u00e1nico y c\u00f3mo su presencia puede ser un faro de fuerza en tu b\u00fasqueda espiritual.<\/p>\n<p>Sum\u00e9rgete en nuestra gu\u00eda pr\u00e1ctica sobre c\u00f3mo integrar el Obelisco de Obsidiana en tu vida cotidiana para aprovechar su energ\u00eda \u00fanica. Desde meditaciones hasta rituales de purificaci\u00f3n, descubrir\u00e1s las diversas formas en que este cristal puede fortalecer tu aura y proporcionar una conexi\u00f3n con tu propio poder interior.<\/p>\n","protected":false},"excerpt":{"rendered":"<p>Explora la magia y la fuerza protectora de este cristal \u00fanico esculpido en la forma emblem\u00e1tica de un obelisco. Nuestra p\u00e1gina te sumergir\u00e1 en el fascinante mundo de la Obsidiana, destacando su elegancia oscura y su capacidad para <strong>aportar claridad y protecci\u00f3n a tu vida.<\/strong><\/p>\n<p>Visualiza el poderoso Obelisco de Obsidiana, un monumento esculpido con precisi\u00f3n que encierra la esencia misma de la tierra en su color negro intenso.<\/p>\n<p>Cada faceta de este obelisco cuenta una <strong>historia de fuerza y conexi\u00f3n con la energ\u00eda primordial de la naturaleza.<\/strong><\/p>\n","protected":false},"featured_media":705,"comment_status":"closed","ping_status":"closed","template":"","meta":{"om_disable_all_campaigns":false,"_monsterinsights_skip_tracking":false,"_monsterinsights_sitenote_active":false,"_monsterinsights_sitenote_note":"","_monsterinsights_sitenote_category":0,"_uf_show_specific_survey":0,"_uf_disable_surveys":false},"product_cat":[47,58,35],"product_tag":[],"class_list":{"0":"post-704","1":"product","2":"type-product","3":"status-publish","4":"has-post-thumbnail","6":"product_cat-obelisco","7":"product_cat-obsidiana","8":"product_cat-piedrastalladas","10":"first","11":"instock","12":"shipping-taxable","13":"purchasable","14":"product-type-simple"},"aioseo_notices":[],"jetpack_sharing_enabled":true,"_links":{"self":[{"href":"https:\/\/cristalesvida.com\/index.php\/wp-json\/wp\/v2\/product\/704","targetHints":{"allow":["GET"]}}],"collection":[{"href":"https:\/\/cristalesvida.com\/index.php\/wp-json\/wp\/v2\/product"}],"about":[{"href":"https:\/\/cristalesvida.com\/index.php\/wp-json\/wp\/v2\/types\/product"}],"replies":[{"embeddable":true,"href":"https:\/\/cristalesvida.com\/index.php\/wp-json\/wp\/v2\/comments?post=704"}],"wp:featuredmedia":[{"embeddable":true,"href":"https:\/\/cristalesvida.com\/index.php\/wp-json\/wp\/v2\/media\/705"}],"wp:attachment":[{"href":"https:\/\/cristalesvida.com\/index.php\/wp-json\/wp\/v2\/media?parent=704"}],"wp:term":[{"taxonomy":"product_cat","embeddable":true,"href":"https:\/\/cristalesvida.com\/index.php\/wp-json\/wp\/v2\/product_cat?post=704"},{"taxonomy":"product_tag","embeddable":true,"href":"https:\/\/cristalesvida.com\/index.php\/wp-json\/wp\/v2\/product_tag?post=704"}],"curies":[{"name":"wp","href":"https:\/\/api.w.org\/{rel}","templated":true}]}}