{"id":679,"date":"2024-01-13T23:18:32","date_gmt":"2024-01-13T22:18:32","guid":{"rendered":"https:\/\/cristalesvida.com\/?post_type=product&#038;p=679"},"modified":"2024-01-13T23:18:32","modified_gmt":"2024-01-13T22:18:32","slug":"masajeador-de-jade","status":"publish","type":"product","link":"https:\/\/cristalesvida.com\/index.php\/product\/masajeador-de-jade\/","title":{"rendered":"Masajeador de Jade"},"content":{"rendered":"<p>Dise\u00f1ado para brindarte una experiencia de bienestar hol\u00edstico, este masajeador fusiona la antigua sabidur\u00eda de la medicina china con la elegancia atemporal del jade. Las propiedades refrescantes del jade se combinan con la t\u00e9cnica de masaje facial para promover la circulaci\u00f3n, reducir la tensi\u00f3n y realzar la luminosidad natural de tu piel. Sum\u00e9rgete en el lujo de un ritual de cuidado personal con nuestro masajeador de jade, un s\u00edmbolo de equilibrio y armon\u00eda que transformar\u00e1 tu rutina diaria. Descubre c\u00f3mo el toque fresco del jade puede revitalizar tu piel y nutrir tu bienestar interior. \u00a1Explora la belleza y la serenidad con nuestro Masajeador de Jade y reg\u00e1late un momento de puro deleite!<\/p>\n","protected":false},"excerpt":{"rendered":"<p>Dise\u00f1ado para brindarte una experiencia de bienestar hol\u00edstico, este masajeador fusiona la antigua sabidur\u00eda de la medicina china con la elegancia atemporal del jade. Las<strong> propiedades refrescantes del jade<\/strong> se combinan con la t\u00e9cnica de masaje facial para<strong> promover la circulaci\u00f3n, reducir la tensi\u00f3n y realzar la luminosidad natural de tu piel<\/strong>. Sum\u00e9rgete en el lujo de un ritual de cuidado personal con nuestro masajeador de jade, un s\u00edmbolo de equilibrio y armon\u00eda que transformar\u00e1 tu rutina diaria.<\/p>\n","protected":false},"featured_media":680,"comment_status":"open","ping_status":"closed","template":"","meta":{"om_disable_all_campaigns":false,"_monsterinsights_skip_tracking":false,"_monsterinsights_sitenote_active":false,"_monsterinsights_sitenote_note":"","_monsterinsights_sitenote_category":0,"_uf_show_specific_survey":0,"_uf_disable_surveys":false},"product_cat":[52,50,51,49],"product_tag":[],"class_list":{"0":"post-679","1":"product","2":"type-product","3":"status-publish","4":"has-post-thumbnail","6":"product_cat-jade","7":"product_cat-masajeador","8":"product_cat-mineral","9":"product_cat-terapeutico","11":"first","12":"instock","13":"shipping-taxable","14":"purchasable","15":"product-type-simple"},"aioseo_notices":[],"jetpack_sharing_enabled":true,"_links":{"self":[{"href":"https:\/\/cristalesvida.com\/index.php\/wp-json\/wp\/v2\/product\/679","targetHints":{"allow":["GET"]}}],"collection":[{"href":"https:\/\/cristalesvida.com\/index.php\/wp-json\/wp\/v2\/product"}],"about":[{"href":"https:\/\/cristalesvida.com\/index.php\/wp-json\/wp\/v2\/types\/product"}],"replies":[{"embeddable":true,"href":"https:\/\/cristalesvida.com\/index.php\/wp-json\/wp\/v2\/comments?post=679"}],"wp:featuredmedia":[{"embeddable":true,"href":"https:\/\/cristalesvida.com\/index.php\/wp-json\/wp\/v2\/media\/680"}],"wp:attachment":[{"href":"https:\/\/cristalesvida.com\/index.php\/wp-json\/wp\/v2\/media?parent=679"}],"wp:term":[{"taxonomy":"product_cat","embeddable":true,"href":"https:\/\/cristalesvida.com\/index.php\/wp-json\/wp\/v2\/product_cat?post=679"},{"taxonomy":"product_tag","embeddable":true,"href":"https:\/\/cristalesvida.com\/index.php\/wp-json\/wp\/v2\/product_tag?post=679"}],"curies":[{"name":"wp","href":"https:\/\/api.w.org\/{rel}","templated":true}]}}