{"id":676,"date":"2024-01-13T23:08:10","date_gmt":"2024-01-13T22:08:10","guid":{"rendered":"https:\/\/cristalesvida.com\/?post_type=product&#038;p=676"},"modified":"2024-01-13T23:08:10","modified_gmt":"2024-01-13T22:08:10","slug":"solidos-platonicos-blancos","status":"publish","type":"product","link":"https:\/\/cristalesvida.com\/index.php\/product\/solidos-platonicos-blancos\/","title":{"rendered":"So\u0301lidos Plato\u0301nicos Blancos"},"content":{"rendered":"<p>Estos s\u00f3lidos perfectos, con sus formas sim\u00e9tricas y tonalidades blancas impecables, son mucho m\u00e1s que objetos decorativos; son expresiones tangibles de armon\u00eda y equilibrio en el mundo geom\u00e9trico. Creados con maestr\u00eda a partir de materiales de alta calidad, cada s\u00f3lido plat\u00f3nico es una pieza \u00fanica que eleva la est\u00e9tica de tu espacio. Ya sea como elementos decorativos o como herramientas de meditaci\u00f3n, estos s\u00f3lidos blancos te invitan a explorar la belleza de la simplicidad y la perfecci\u00f3n geom\u00e9trica. Descubre c\u00f3mo estos objetos atemporales pueden agregar un toque de elegancia y significado a tu hogar o espacio de trabajo. \u00a1Explora la perfecci\u00f3n geom\u00e9trica con nuestros S\u00f3lidos Plat\u00f3nicos Blancos y encuentra la armon\u00eda en cada faceta!<\/p>\n","protected":false},"excerpt":{"rendered":"<p>Estos s\u00f3lidos perfectos, con sus formas sim\u00e9tricas y tonalidades blancas impecables, son mucho m\u00e1s que objetos decorativos; son <strong>expresiones tangibles de armon\u00eda y equilibrio en el mundo geom\u00e9trico. <\/strong><\/p>\n<p>Creados con maestr\u00eda a partir de materiales de alta calidad, cada s\u00f3lido plat\u00f3nico es una pieza \u00fanica que eleva la est\u00e9tica de tu espacio.<\/p>\n<p><strong>Hexaedro<\/strong>: voluntad. Elemento tierra<br \/>\n<strong>Icosaedro<\/strong>: expresio\u0301n del espi\u0301ritu. Elemento agua<br \/>\n<strong>Tetraedro<\/strong>: amor. Elemento fuego<br \/>\n<strong>Octaedro<\/strong>: sabiduri\u0301a. Elemento aire<br \/>\n<strong>Dodecaedro<\/strong>: conciencia planetaria. Elemento e\u0301ter.<br \/>\n<strong>Esfera<\/strong>: energi\u0301a universal. Conciencia divina. Unidad.<br \/>\n<strong>Markaba<\/strong>: luz, espi\u0301ritu y cuerpo.<\/p>\n<p>&nbsp;<\/p>\n","protected":false},"featured_media":677,"comment_status":"open","ping_status":"closed","template":"","meta":{"om_disable_all_campaigns":false,"_monsterinsights_skip_tracking":false,"_monsterinsights_sitenote_active":false,"_monsterinsights_sitenote_note":"","_monsterinsights_sitenote_category":0,"_uf_show_specific_survey":0,"_uf_disable_surveys":false},"product_cat":[41,48],"product_tag":[],"class_list":{"0":"post-676","1":"product","2":"type-product","3":"status-publish","4":"has-post-thumbnail","6":"product_cat-decorativas","7":"product_cat-solidos-platonicos","9":"first","10":"instock","11":"shipping-taxable","12":"purchasable","13":"product-type-simple"},"aioseo_notices":[],"jetpack_sharing_enabled":true,"_links":{"self":[{"href":"https:\/\/cristalesvida.com\/index.php\/wp-json\/wp\/v2\/product\/676","targetHints":{"allow":["GET"]}}],"collection":[{"href":"https:\/\/cristalesvida.com\/index.php\/wp-json\/wp\/v2\/product"}],"about":[{"href":"https:\/\/cristalesvida.com\/index.php\/wp-json\/wp\/v2\/types\/product"}],"replies":[{"embeddable":true,"href":"https:\/\/cristalesvida.com\/index.php\/wp-json\/wp\/v2\/comments?post=676"}],"wp:featuredmedia":[{"embeddable":true,"href":"https:\/\/cristalesvida.com\/index.php\/wp-json\/wp\/v2\/media\/677"}],"wp:attachment":[{"href":"https:\/\/cristalesvida.com\/index.php\/wp-json\/wp\/v2\/media?parent=676"}],"wp:term":[{"taxonomy":"product_cat","embeddable":true,"href":"https:\/\/cristalesvida.com\/index.php\/wp-json\/wp\/v2\/product_cat?post=676"},{"taxonomy":"product_tag","embeddable":true,"href":"https:\/\/cristalesvida.com\/index.php\/wp-json\/wp\/v2\/product_tag?post=676"}],"curies":[{"name":"wp","href":"https:\/\/api.w.org\/{rel}","templated":true}]}}