{"id":665,"date":"2024-01-13T22:59:59","date_gmt":"2024-01-13T21:59:59","guid":{"rendered":"https:\/\/cristalesvida.com\/?post_type=product&#038;p=665"},"modified":"2024-01-13T23:02:51","modified_gmt":"2024-01-13T22:02:51","slug":"obelisco-de-amatista","status":"publish","type":"product","link":"https:\/\/cristalesvida.com\/index.php\/product\/obelisco-de-amatista\/","title":{"rendered":"Obelisco de Amatista"},"content":{"rendered":"<p>Este impresionante obelisco es m\u00e1s que una obra de arte; es un portal hacia la calma y la espiritualidad. Tallado con maestr\u00eda a partir de la preciada amatista, este obelisco irradia la energ\u00eda purificadora y tranquilizadora \u00fanica de esta piedra preciosa. Col\u00f3calo en tu espacio de meditaci\u00f3n o exhibe su esplendor en tu hogar para infundir una sensaci\u00f3n de paz y equilibrio. Descubre c\u00f3mo el Obelisco de Amatista puede elevar tu experiencia espiritual y ser un faro de serenidad en tu vida cotidiana. \u00a1Encuentra la conexi\u00f3n con lo divino y la armon\u00eda interior con nuestro cautivador Obelisco de Amatista!<\/p>\n","protected":false},"excerpt":{"rendered":"<p>Este impresionante obelisco es m\u00e1s que una obra de arte; es un <strong>portal hacia la calma y la espiritualidad<\/strong>. Tallado con maestr\u00eda a partir de la preciada amatista, este obelisco <strong>irradia la energ\u00eda purificadora y tranquilizadora<\/strong> \u00fanica de esta piedra preciosa. Col\u00f3calo en tu espacio de meditaci\u00f3n o exhibe su esplendor en tu hogar para infundir una <strong>sensaci\u00f3n de paz y equilibrio.<\/strong><\/p>\n","protected":false},"featured_media":666,"comment_status":"open","ping_status":"closed","template":"","meta":{"om_disable_all_campaigns":false,"_monsterinsights_skip_tracking":false,"_monsterinsights_sitenote_active":false,"_monsterinsights_sitenote_note":"","_monsterinsights_sitenote_category":0,"_uf_show_specific_survey":0,"_uf_disable_surveys":false},"product_cat":[41,47,35],"product_tag":[],"class_list":{"0":"post-665","1":"product","2":"type-product","3":"status-publish","4":"has-post-thumbnail","6":"product_cat-decorativas","7":"product_cat-obelisco","8":"product_cat-piedrastalladas","10":"first","11":"instock","12":"shipping-taxable","13":"purchasable","14":"product-type-simple"},"aioseo_notices":[],"jetpack_sharing_enabled":true,"_links":{"self":[{"href":"https:\/\/cristalesvida.com\/index.php\/wp-json\/wp\/v2\/product\/665","targetHints":{"allow":["GET"]}}],"collection":[{"href":"https:\/\/cristalesvida.com\/index.php\/wp-json\/wp\/v2\/product"}],"about":[{"href":"https:\/\/cristalesvida.com\/index.php\/wp-json\/wp\/v2\/types\/product"}],"replies":[{"embeddable":true,"href":"https:\/\/cristalesvida.com\/index.php\/wp-json\/wp\/v2\/comments?post=665"}],"wp:featuredmedia":[{"embeddable":true,"href":"https:\/\/cristalesvida.com\/index.php\/wp-json\/wp\/v2\/media\/666"}],"wp:attachment":[{"href":"https:\/\/cristalesvida.com\/index.php\/wp-json\/wp\/v2\/media?parent=665"}],"wp:term":[{"taxonomy":"product_cat","embeddable":true,"href":"https:\/\/cristalesvida.com\/index.php\/wp-json\/wp\/v2\/product_cat?post=665"},{"taxonomy":"product_tag","embeddable":true,"href":"https:\/\/cristalesvida.com\/index.php\/wp-json\/wp\/v2\/product_tag?post=665"}],"curies":[{"name":"wp","href":"https:\/\/api.w.org\/{rel}","templated":true}]}}