{"id":517,"date":"2019-04-18T11:08:43","date_gmt":"2019-04-18T11:08:43","guid":{"rendered":"https:\/\/envothemes.com\/envo-ecommerce\/product\/import-placeholder-for-47\/"},"modified":"2024-01-13T23:29:31","modified_gmt":"2024-01-13T22:29:31","slug":"pepper-shoes","status":"publish","type":"product","link":"https:\/\/cristalesvida.com\/index.php\/product\/pepper-shoes\/","title":{"rendered":"Pir\u00e1mide de fluorita"},"content":{"rendered":"<div class=\"product-more-info inner-content\">\n<p>La fluorita esta formada por la combinaci\u00f3n de los elementos calcio y fl\u00faor.<\/p>\n<p>El nombre de fluorita deriva del lat\u00edn &#8220;fluere&#8221; que significa fluir. Utilizada desde hace siglos en la metalurgia como fundente para aumentar la fluidez de las escorias de metalurgia. \u200b<\/p>\n<p>Propiedades y beneficios:<\/p>\n<p>&#8211; Piedra utilizada para abrir la mente y fomentar as\u00ed la intuici\u00f3n y la concentraci\u00f3n.<\/p>\n<p>&#8211; Es un potente estabilizador emocional.<\/p>\n<p>&#8211; Chakra coraz\u00f3n.<\/p>\n<\/div>\n","protected":false},"excerpt":{"rendered":"<p><span class=\"ILfuVd\" lang=\"es\"><span class=\"hgKElc\">La fluorita se considera una piedra espiritual de <b>limpieza, purificaci\u00f3n y equilibrio<\/b>. <\/span><\/span><\/p>\n<p><span class=\"ILfuVd\" lang=\"es\"><span class=\"hgKElc\">Tiene una energ\u00eda muy sutil y eleva la vibraci\u00f3n a trav\u00e9s de la relajaci\u00f3n de la mente. Equilibra los hemisferios y potencia la intuici\u00f3n. Es una piedra que favorece la organizaci\u00f3n y el orden interno.<\/span><\/span><\/p>\n","protected":false},"featured_media":527,"comment_status":"open","ping_status":"closed","template":"","meta":{"om_disable_all_campaigns":false,"_monsterinsights_skip_tracking":false,"_monsterinsights_sitenote_active":false,"_monsterinsights_sitenote_note":"","_monsterinsights_sitenote_category":0,"_uf_show_specific_survey":0,"_uf_disable_surveys":false},"product_cat":[43,35,36],"product_tag":[],"class_list":{"0":"post-517","1":"product","2":"type-product","3":"status-publish","4":"has-post-thumbnail","6":"product_cat-amatista","7":"product_cat-piedrastalladas","8":"product_cat-piramide","10":"first","11":"instock","12":"featured","13":"shipping-taxable","14":"purchasable","15":"product-type-simple"},"aioseo_notices":[],"jetpack_sharing_enabled":true,"_links":{"self":[{"href":"https:\/\/cristalesvida.com\/index.php\/wp-json\/wp\/v2\/product\/517","targetHints":{"allow":["GET"]}}],"collection":[{"href":"https:\/\/cristalesvida.com\/index.php\/wp-json\/wp\/v2\/product"}],"about":[{"href":"https:\/\/cristalesvida.com\/index.php\/wp-json\/wp\/v2\/types\/product"}],"replies":[{"embeddable":true,"href":"https:\/\/cristalesvida.com\/index.php\/wp-json\/wp\/v2\/comments?post=517"}],"wp:featuredmedia":[{"embeddable":true,"href":"https:\/\/cristalesvida.com\/index.php\/wp-json\/wp\/v2\/media\/527"}],"wp:attachment":[{"href":"https:\/\/cristalesvida.com\/index.php\/wp-json\/wp\/v2\/media?parent=517"}],"wp:term":[{"taxonomy":"product_cat","embeddable":true,"href":"https:\/\/cristalesvida.com\/index.php\/wp-json\/wp\/v2\/product_cat?post=517"},{"taxonomy":"product_tag","embeddable":true,"href":"https:\/\/cristalesvida.com\/index.php\/wp-json\/wp\/v2\/product_tag?post=517"}],"curies":[{"name":"wp","href":"https:\/\/api.w.org\/{rel}","templated":true}]}}