{"id":516,"date":"2019-04-18T11:08:43","date_gmt":"2019-04-18T11:08:43","guid":{"rendered":"https:\/\/envothemes.com\/envo-ecommerce\/product\/import-placeholder-for-46\/"},"modified":"2024-01-12T19:43:33","modified_gmt":"2024-01-12T18:43:33","slug":"jaspe-rojo-corazon","status":"publish","type":"product","link":"https:\/\/cristalesvida.com\/index.php\/product\/jaspe-rojo-corazon\/","title":{"rendered":"Jaspe Rojo Coraz\u00f3n"},"content":{"rendered":"<p>Bienvenido a nuestro rinc\u00f3n de serenidad y vitalidad, donde la fuerza del <strong>Jaspe Rojo Coraz\u00f3n<\/strong> se une a la calidez del amor propio. Sum\u00e9rgete en la energ\u00eda apasionada y terrenal de esta piedra preciosa, dise\u00f1ada en forma de coraz\u00f3n para llevar contigo la esencia del poder y la conexi\u00f3n emocional.<\/p>\n<p>El <strong>Jaspe Rojo<\/strong>, con sus tonalidades c\u00e1lidas y vibrantes, es conocido por sus propiedades de anclaje y equilibrio. Nuestros corazones de jaspe no solo son una expresi\u00f3n tangible de amor, sino tambi\u00e9n una herramienta para fortalecer la conexi\u00f3n con tu propio ser y con los dem\u00e1s.<\/p>\n<p>Cada coraz\u00f3n de <strong>Jaspe Rojo<\/strong> es \u00fanico, reflejando las variaciones naturales de esta piedra rica en historia y significado. \u00dasalo como amuleto, regalo significativo o simplemente como recordatorio constante de la pasi\u00f3n y la fuerza que reside en tu interior.<\/p>\n<p>Explora nuestra colecci\u00f3n y descubre c\u00f3mo el Jaspe Rojo Coraz\u00f3n puede ser un s\u00edmbolo poderoso de <strong>amor propio, vitalidad y arraigo<\/strong>. Deja que la energ\u00eda reconfortante de esta piedra preciosa te acompa\u00f1e en tu viaje hacia la autenticidad y la plenitud.<\/p>\n","protected":false},"excerpt":{"rendered":"<p>La fuerza del <strong>Jaspe Rojo<\/strong> se une a la calidez del amor propio. Sum\u00e9rgete en la energ\u00eda apasionada y terrenal de esta piedra preciosa, dise\u00f1ada en forma de coraz\u00f3n para llevar contigo la esencia del poder y la conexi\u00f3n emocional.<\/p>\n<p>El <strong>Jaspe Rojo<\/strong>, con sus tonalidades c\u00e1lidas y vibrantes, es conocido por sus propiedades de anclaje y equilibrio. Nuestros corazones de jaspe no solo son una expresi\u00f3n tangible de amor, sino tambi\u00e9n una herramienta para fortalecer la conexi\u00f3n con tu propio ser y con los dem\u00e1s.<\/p>\n","protected":false},"featured_media":606,"comment_status":"open","ping_status":"closed","template":"","meta":{"om_disable_all_campaigns":false,"_monsterinsights_skip_tracking":false,"_monsterinsights_sitenote_active":false,"_monsterinsights_sitenote_note":"","_monsterinsights_sitenote_category":0,"_uf_show_specific_survey":0,"_uf_disable_surveys":false},"product_cat":[37,38],"product_tag":[],"class_list":{"0":"post-516","1":"product","2":"type-product","3":"status-publish","4":"has-post-thumbnail","6":"product_cat-accesorios","7":"product_cat-jaspe-rojo","9":"first","10":"instock","11":"shipping-taxable","12":"purchasable","13":"product-type-simple"},"aioseo_notices":[],"jetpack_sharing_enabled":true,"_links":{"self":[{"href":"https:\/\/cristalesvida.com\/index.php\/wp-json\/wp\/v2\/product\/516","targetHints":{"allow":["GET"]}}],"collection":[{"href":"https:\/\/cristalesvida.com\/index.php\/wp-json\/wp\/v2\/product"}],"about":[{"href":"https:\/\/cristalesvida.com\/index.php\/wp-json\/wp\/v2\/types\/product"}],"replies":[{"embeddable":true,"href":"https:\/\/cristalesvida.com\/index.php\/wp-json\/wp\/v2\/comments?post=516"}],"wp:featuredmedia":[{"embeddable":true,"href":"https:\/\/cristalesvida.com\/index.php\/wp-json\/wp\/v2\/media\/606"}],"wp:attachment":[{"href":"https:\/\/cristalesvida.com\/index.php\/wp-json\/wp\/v2\/media?parent=516"}],"wp:term":[{"taxonomy":"product_cat","embeddable":true,"href":"https:\/\/cristalesvida.com\/index.php\/wp-json\/wp\/v2\/product_cat?post=516"},{"taxonomy":"product_tag","embeddable":true,"href":"https:\/\/cristalesvida.com\/index.php\/wp-json\/wp\/v2\/product_tag?post=516"}],"curies":[{"name":"wp","href":"https:\/\/api.w.org\/{rel}","templated":true}]}}