{"id":515,"date":"2019-04-18T11:08:42","date_gmt":"2019-04-18T11:08:42","guid":{"rendered":"https:\/\/envothemes.com\/envo-ecommerce\/product\/import-placeholder-for-44\/"},"modified":"2024-01-12T19:25:15","modified_gmt":"2024-01-12T18:25:15","slug":"black-trousers","status":"publish","type":"product","link":"https:\/\/cristalesvida.com\/index.php\/product\/black-trousers\/","title":{"rendered":"P\u00e9ndulo de 7 colores"},"content":{"rendered":"<p>\u00a1Descubre la magia de la cromoterapia con nuestro P\u00e9ndulo de Cristal de 7 Colores! Sum\u00e9rgete en un mundo vibrante de energ\u00eda y equilibrio mientras exploras la maravilla de este p\u00e9ndulo \u00fanico, dise\u00f1ado para armonizar tu cuerpo, mente y esp\u00edritu.<\/p>\n<p>Cada cristal, con sus siete colores que representan los chakras, se fusiona en una danza de luz y energ\u00eda. Esta herramienta de adivinaci\u00f3n y sanaci\u00f3n no solo es visualmente impactante, sino que tambi\u00e9n act\u00faa como un puente entre los diferentes aspectos de tu ser, promoviendo la alineaci\u00f3n y el flujo equilibrado de energ\u00eda.<\/p>\n<p>Utiliza este p\u00e9ndulo como una herramienta de meditaci\u00f3n, para equilibrar tus chakras o simplemente para a\u00f1adir una vibraci\u00f3n positiva a tu espacio. Ya sea que seas un amante de la espiritualidad o est\u00e9s explorando la cromoterapia por primera vez, nuestro P\u00e9ndulo de Cristal de 7 Colores es la elecci\u00f3n perfecta.<\/p>\n<p>Explora la sinfon\u00eda de colores y beneficios terap\u00e9uticos mientras encuentras la armon\u00eda en cada oscilaci\u00f3n. Cada p\u00e9ndulo es una obra maestra, cuidadosamente elaborada para inspirar la calma y la claridad en tu viaje de autodescubrimiento.<\/p>\n","protected":false},"excerpt":{"rendered":"<p>Descubre la magia de la <strong>cromoterapia<\/strong> con nuestro<strong> P\u00e9ndulo de Cristal de 7 Colores!<\/strong> Sum\u00e9rgete en un mundo vibrante de energ\u00eda y equilibrio mientras exploras la maravilla de este p\u00e9ndulo \u00fanico, dise\u00f1ado para armonizar tu cuerpo, mente y esp\u00edritu.<\/p>\n<p>Cada cristal, con sus siete colores que representan los <strong>chakras<\/strong>, se fusiona en una danza de luz y energ\u00eda. Esta herramienta de adivinaci\u00f3n y sanaci\u00f3n no solo es visualmente impactante, sino que tambi\u00e9n act\u00faa como un puente entre los diferentes aspectos de tu ser, promoviendo la alineaci\u00f3n y el flujo equilibrado de energ\u00eda.<\/p>\n","protected":false},"featured_media":611,"comment_status":"open","ping_status":"closed","template":"","meta":{"om_disable_all_campaigns":false,"_monsterinsights_skip_tracking":false,"_monsterinsights_sitenote_active":false,"_monsterinsights_sitenote_note":"","_monsterinsights_sitenote_category":0,"_uf_show_specific_survey":0,"_uf_disable_surveys":false},"product_cat":[15],"product_tag":[],"class_list":{"0":"post-515","1":"product","2":"type-product","3":"status-publish","4":"has-post-thumbnail","6":"product_cat-uncategorized","8":"first","9":"instock","10":"shipping-taxable","11":"purchasable","12":"product-type-simple"},"aioseo_notices":[],"jetpack_sharing_enabled":true,"_links":{"self":[{"href":"https:\/\/cristalesvida.com\/index.php\/wp-json\/wp\/v2\/product\/515","targetHints":{"allow":["GET"]}}],"collection":[{"href":"https:\/\/cristalesvida.com\/index.php\/wp-json\/wp\/v2\/product"}],"about":[{"href":"https:\/\/cristalesvida.com\/index.php\/wp-json\/wp\/v2\/types\/product"}],"replies":[{"embeddable":true,"href":"https:\/\/cristalesvida.com\/index.php\/wp-json\/wp\/v2\/comments?post=515"}],"wp:featuredmedia":[{"embeddable":true,"href":"https:\/\/cristalesvida.com\/index.php\/wp-json\/wp\/v2\/media\/611"}],"wp:attachment":[{"href":"https:\/\/cristalesvida.com\/index.php\/wp-json\/wp\/v2\/media?parent=515"}],"wp:term":[{"taxonomy":"product_cat","embeddable":true,"href":"https:\/\/cristalesvida.com\/index.php\/wp-json\/wp\/v2\/product_cat?post=515"},{"taxonomy":"product_tag","embeddable":true,"href":"https:\/\/cristalesvida.com\/index.php\/wp-json\/wp\/v2\/product_tag?post=515"}],"curies":[{"name":"wp","href":"https:\/\/api.w.org\/{rel}","templated":true}]}}