{"id":514,"date":"2019-04-18T11:08:42","date_gmt":"2019-04-18T11:08:42","guid":{"rendered":"https:\/\/envothemes.com\/envo-ecommerce\/product\/import-placeholder-for-42\/"},"modified":"2024-01-12T19:47:19","modified_gmt":"2024-01-12T18:47:19","slug":"modern","status":"publish","type":"product","link":"https:\/\/cristalesvida.com\/index.php\/product\/modern\/","title":{"rendered":"\u00c1ngeles en Cristal"},"content":{"rendered":"<p>Descubre el poder sanador de los cristales a trav\u00e9s de la magia de nuestro <strong>\u00c1ngel de Cuarzo<\/strong>.<\/p>\n<p>Sum\u00e9rgete en un universo de energ\u00eda positiva y equilibrio, donde cada producto es m\u00e1s que una joya, es una herramienta para elevar tu bienestar.<\/p>\n<p>Nuestro \u00e1ngel de cuarzo te gu\u00eda en el camino hacia la <strong>armon\u00eda, la paz interior y la conexi\u00f3n espiritual<\/strong>.<\/p>\n<p>Explora nuestra colecci\u00f3n \u00fanica de joyer\u00eda y accesorios cuidadosamente seleccionados, cada uno con la intenci\u00f3n de elevar tu esp\u00edritu.<\/p>\n<p>\u00a1\u00danete a nosotros en este viaje celestial y descubre la belleza que emana del coraz\u00f3n de la Tierra!<\/p>\n","protected":false},"excerpt":{"rendered":"<p>Descubre el poder sanador de los cristales a trav\u00e9s de la magia de nuestro <strong>\u00c1ngel de Cuarzo<\/strong>.<\/p>\n<p>Sum\u00e9rgete en un universo de energ\u00eda positiva y equilibrio, donde cada producto es m\u00e1s que una joya, es una herramienta para elevar tu bienestar.<\/p>\n<p>Nuestro \u00e1ngel de cuarzo te gu\u00eda en el camino hacia la <strong>armon\u00eda, la paz interior y la conexi\u00f3n espiritual<\/strong>.<\/p>\n<p>Explora nuestra colecci\u00f3n \u00fanica de joyer\u00eda y accesorios cuidadosamente seleccionados, cada uno con la intenci\u00f3n de elevar tu esp\u00edritu.<\/p>\n<p>\u00a1\u00danete a nosotros en este viaje celestial y descubre la belleza que emana del coraz\u00f3n de la Tierra!<\/p>\n","protected":false},"featured_media":557,"comment_status":"open","ping_status":"closed","template":"","meta":{"om_disable_all_campaigns":false,"_monsterinsights_skip_tracking":false,"_monsterinsights_sitenote_active":false,"_monsterinsights_sitenote_note":"","_monsterinsights_sitenote_category":0,"_uf_show_specific_survey":0,"_uf_disable_surveys":false},"product_cat":[42,41],"product_tag":[],"class_list":{"0":"post-514","1":"product","2":"type-product","3":"status-publish","4":"has-post-thumbnail","6":"product_cat-angeles","7":"product_cat-decorativas","9":"first","10":"instock","11":"featured","12":"shipping-taxable","13":"purchasable","14":"product-type-simple"},"aioseo_notices":[],"jetpack_sharing_enabled":true,"_links":{"self":[{"href":"https:\/\/cristalesvida.com\/index.php\/wp-json\/wp\/v2\/product\/514","targetHints":{"allow":["GET"]}}],"collection":[{"href":"https:\/\/cristalesvida.com\/index.php\/wp-json\/wp\/v2\/product"}],"about":[{"href":"https:\/\/cristalesvida.com\/index.php\/wp-json\/wp\/v2\/types\/product"}],"replies":[{"embeddable":true,"href":"https:\/\/cristalesvida.com\/index.php\/wp-json\/wp\/v2\/comments?post=514"}],"wp:featuredmedia":[{"embeddable":true,"href":"https:\/\/cristalesvida.com\/index.php\/wp-json\/wp\/v2\/media\/557"}],"wp:attachment":[{"href":"https:\/\/cristalesvida.com\/index.php\/wp-json\/wp\/v2\/media?parent=514"}],"wp:term":[{"taxonomy":"product_cat","embeddable":true,"href":"https:\/\/cristalesvida.com\/index.php\/wp-json\/wp\/v2\/product_cat?post=514"},{"taxonomy":"product_tag","embeddable":true,"href":"https:\/\/cristalesvida.com\/index.php\/wp-json\/wp\/v2\/product_tag?post=514"}],"curies":[{"name":"wp","href":"https:\/\/api.w.org\/{rel}","templated":true}]}}