{"id":513,"date":"2019-04-18T11:08:42","date_gmt":"2019-04-18T11:08:42","guid":{"rendered":"https:\/\/envothemes.com\/envo-ecommerce\/product\/import-placeholder-for-39\/"},"modified":"2024-01-12T19:28:42","modified_gmt":"2024-01-12T18:28:42","slug":"futre-io","status":"publish","type":"product","link":"https:\/\/cristalesvida.com\/index.php\/product\/futre-io\/","title":{"rendered":"Dije de Amatista"},"content":{"rendered":"<p>\u00a1Sum\u00e9rgete en la elegancia y las propiedades curativas de nuestro Dije de Amatista! Bienvenido a un espacio donde la belleza natural se encuentra con el poder espiritual de una de las gemas m\u00e1s veneradas de la naturaleza.<\/p>\n<p>El dije de amatista es m\u00e1s que una joya, es una expresi\u00f3n de la conexi\u00f3n entre lo terrenal y lo espiritual. Con su tono p\u00farpura profundo, la amatista ha sido apreciada a lo largo de la historia por sus propiedades calmantes y su capacidad para promover la claridad mental.<\/p>\n<p>Cada dije es una obra de arte \u00fanica, cuidadosamente tallada para resaltar la belleza intr\u00ednseca de la amatista. \u00dasalo como un amuleto diario para atraer la serenidad y la protecci\u00f3n, o como una joya especial que complementa tu estilo con un toque de espiritualidad.<\/p>\n<p>Explora nuestra colecci\u00f3n y descubre c\u00f3mo el Dije de Amatista puede ser m\u00e1s que una simple adorno; puede ser un recordatorio constante de la belleza, la calma y el equilibrio que la amatista puede aportar a tu vida.<\/p>\n","protected":false},"excerpt":{"rendered":"<p>Sum\u00e9rgete en la elegancia y las propiedades curativas de nuestro <strong>Dije de Amatista!<\/strong> Bienvenido a un espacio donde la belleza natural se encuentra con el poder espiritual de una de las gemas m\u00e1s veneradas de la naturaleza.<\/p>\n<p>El <strong>dije de amatista<\/strong> es m\u00e1s que una joya, es una expresi\u00f3n de la conexi\u00f3n entre lo terrenal y lo espiritual. Con su tono p\u00farpura profundo, la amatista ha sido apreciada a lo largo de la historia por sus <strong>propiedades calmantes<\/strong> y su capacidad para <strong>promover la claridad mental<\/strong>.<\/p>\n","protected":false},"featured_media":613,"comment_status":"open","ping_status":"closed","template":"","meta":{"om_disable_all_campaigns":false,"_monsterinsights_skip_tracking":false,"_monsterinsights_sitenote_active":false,"_monsterinsights_sitenote_note":"","_monsterinsights_sitenote_category":0,"_uf_show_specific_survey":0,"_uf_disable_surveys":false},"product_cat":[15],"product_tag":[],"class_list":{"0":"post-513","1":"product","2":"type-product","3":"status-publish","4":"has-post-thumbnail","6":"product_cat-uncategorized","8":"first","9":"instock","10":"shipping-taxable","11":"purchasable","12":"product-type-simple"},"aioseo_notices":[],"jetpack_sharing_enabled":true,"_links":{"self":[{"href":"https:\/\/cristalesvida.com\/index.php\/wp-json\/wp\/v2\/product\/513","targetHints":{"allow":["GET"]}}],"collection":[{"href":"https:\/\/cristalesvida.com\/index.php\/wp-json\/wp\/v2\/product"}],"about":[{"href":"https:\/\/cristalesvida.com\/index.php\/wp-json\/wp\/v2\/types\/product"}],"replies":[{"embeddable":true,"href":"https:\/\/cristalesvida.com\/index.php\/wp-json\/wp\/v2\/comments?post=513"}],"wp:featuredmedia":[{"embeddable":true,"href":"https:\/\/cristalesvida.com\/index.php\/wp-json\/wp\/v2\/media\/613"}],"wp:attachment":[{"href":"https:\/\/cristalesvida.com\/index.php\/wp-json\/wp\/v2\/media?parent=513"}],"wp:term":[{"taxonomy":"product_cat","embeddable":true,"href":"https:\/\/cristalesvida.com\/index.php\/wp-json\/wp\/v2\/product_cat?post=513"},{"taxonomy":"product_tag","embeddable":true,"href":"https:\/\/cristalesvida.com\/index.php\/wp-json\/wp\/v2\/product_tag?post=513"}],"curies":[{"name":"wp","href":"https:\/\/api.w.org\/{rel}","templated":true}]}}