{"id":24,"date":"2019-04-18T11:08:43","date_gmt":"2019-04-18T11:08:43","guid":{"rendered":"https:\/\/envothemes.com\/envo-ecommerce\/product\/import-placeholder-for-61\/"},"modified":"2024-01-20T21:59:25","modified_gmt":"2024-01-20T20:59:25","slug":"womens-dress","status":"publish","type":"product","link":"https:\/\/cristalesvida.com\/index.php\/product\/womens-dress\/","title":{"rendered":"Cuarzo Rutilado"},"content":{"rendered":"<p>\u00a1Explora la magia radiante del Cuarzo Rutilado en nuestra exclusiva colecci\u00f3n! Sum\u00e9rgete en un mundo de maravillas cristalinas donde la pureza del cuarzo se encuentra con la vibrante elegancia de inclusiones doradas.<\/p>\n<p>El Cuarzo Rutilado, con sus hilos de rutilo que parecen danzar en su interior, es mucho m\u00e1s que una piedra preciosa; es una ventana hacia la conexi\u00f3n celestial y terrenal. Cada pieza cuenta su propia historia \u00fanica, mostrando la diversidad de patrones y reflejos que hacen que el cuarzo rutilado sea una joya apreciada por coleccionistas y buscadores espirituales por igual.<\/p>\n<p>Explora nuestra colecci\u00f3n y descubre c\u00f3mo el Cuarzo Rutilado puede ser un faro de luz en tu vida. Util\u00edzalo como un amuleto de claridad mental, una herramienta de meditaci\u00f3n o simplemente como una joya extraordinaria que aporta un toque de sofisticaci\u00f3n a tu estilo.<\/p>\n<p>La energ\u00eda vibrante del rutilo dentro del cuarzo se cree que potencia la manifestaci\u00f3n de tus intenciones, haci\u00e9ndolo una opci\u00f3n ideal para aquellos que buscan equilibrio, elevaci\u00f3n espiritual y conexi\u00f3n con su prop\u00f3sito superior.<\/p>\n","protected":false},"excerpt":{"rendered":"<p>\u00a1Explora la magia radiante del<strong> Cuarzo Rutilado<\/strong> en nuestra exclusiva colecci\u00f3n! Sum\u00e9rgete en un mundo de maravillas cristalinas donde la pureza del cuarzo se encuentra con la vibrante elegancia de inclusiones doradas.<\/p>\n<p>El Cuarzo Rutilado, con sus hilos de rutilo que parecen danzar en su interior, es mucho m\u00e1s que una piedra preciosa; es una <strong>ventana hacia la conexi\u00f3n celestial<\/strong> y terrenal. Cada pieza cuenta su propia historia \u00fanica, mostrando la diversidad de patrones y reflejos que hacen que el cuarzo rutilado sea una joya apreciada por coleccionistas y buscadores espirituales por igual.<\/p>\n","protected":false},"featured_media":618,"comment_status":"open","ping_status":"closed","template":"","meta":{"om_disable_all_campaigns":false,"_monsterinsights_skip_tracking":false,"_monsterinsights_sitenote_active":false,"_monsterinsights_sitenote_note":"","_monsterinsights_sitenote_category":0,"_uf_show_specific_survey":0,"_uf_disable_surveys":false},"product_cat":[68,67,35],"product_tag":[],"class_list":{"0":"post-24","1":"product","2":"type-product","3":"status-publish","4":"has-post-thumbnail","6":"product_cat-cuarzo-rutilado","7":"product_cat-huevo","8":"product_cat-piedrastalladas","10":"first","11":"instock","12":"featured","13":"shipping-taxable","14":"purchasable","15":"product-type-simple"},"aioseo_notices":[],"jetpack_sharing_enabled":true,"_links":{"self":[{"href":"https:\/\/cristalesvida.com\/index.php\/wp-json\/wp\/v2\/product\/24","targetHints":{"allow":["GET"]}}],"collection":[{"href":"https:\/\/cristalesvida.com\/index.php\/wp-json\/wp\/v2\/product"}],"about":[{"href":"https:\/\/cristalesvida.com\/index.php\/wp-json\/wp\/v2\/types\/product"}],"replies":[{"embeddable":true,"href":"https:\/\/cristalesvida.com\/index.php\/wp-json\/wp\/v2\/comments?post=24"}],"wp:featuredmedia":[{"embeddable":true,"href":"https:\/\/cristalesvida.com\/index.php\/wp-json\/wp\/v2\/media\/618"}],"wp:attachment":[{"href":"https:\/\/cristalesvida.com\/index.php\/wp-json\/wp\/v2\/media?parent=24"}],"wp:term":[{"taxonomy":"product_cat","embeddable":true,"href":"https:\/\/cristalesvida.com\/index.php\/wp-json\/wp\/v2\/product_cat?post=24"},{"taxonomy":"product_tag","embeddable":true,"href":"https:\/\/cristalesvida.com\/index.php\/wp-json\/wp\/v2\/product_tag?post=24"}],"curies":[{"name":"wp","href":"https:\/\/api.w.org\/{rel}","templated":true}]}}