{"id":22,"date":"2019-04-18T11:08:43","date_gmt":"2019-04-18T11:08:43","guid":{"rendered":"https:\/\/envothemes.com\/envo-ecommerce\/product\/import-placeholder-for-59\/"},"modified":"2024-01-12T19:20:45","modified_gmt":"2024-01-12T18:20:45","slug":"bikini","status":"publish","type":"product","link":"https:\/\/cristalesvida.com\/index.php\/product\/bikini\/","title":{"rendered":"Turmalina Negra"},"content":{"rendered":"<p>\u00a1Explora el poder protector y la elegancia atemporal de la Turmalina Negra en nuestra exclusiva colecci\u00f3n! Bienvenido a un espacio donde la fuerza de la tierra se encuentra con la sofisticaci\u00f3n, donde la Turmalina Negra revela su capacidad \u00fanica para disipar la energ\u00eda negativa y promover la estabilidad emocional.<\/p>\n<p>La Turmalina Negra, tambi\u00e9n conocida como Schorl, es apreciada por su capacidad para actuar como un escudo energ\u00e9tico, absorbiendo y neutralizando las vibraciones discordantes. Nuestra colecci\u00f3n presenta esta piedra preciosa en formas variadas, desde pulseras hasta colgantes, cada una cuidadosamente seleccionada para resaltar su atractivo natural y propiedades protectoras.<\/p>\n<p>Descubre c\u00f3mo la Turmalina Negra puede ser tu aliada en la b\u00fasqueda de equilibrio y claridad. Ya sea que busques un accesorio elegante con propiedades energ\u00e9ticas o desees explorar los beneficios hol\u00edsticos de esta piedra \u00fanica, cada pieza de nuestra colecci\u00f3n cuenta una historia de fortaleza y resistencia.<\/p>\n<p>Sum\u00e9rgete en el misterioso encanto de la Turmalina Negra mientras exploras las opciones disponibles. Encuentra la pieza perfecta que te inspire a enfrentar el d\u00eda con confianza y a mantener una energ\u00eda equilibrada en tu camino hacia el bienestar.<\/p>\n","protected":false},"excerpt":{"rendered":"<p>\u00a1Explora el poder protector y la elegancia atemporal de la <strong>Turmalina Negra<\/strong> en nuestra exclusiva colecci\u00f3n!<\/p>\n<p>La Turmalina Negra, tambi\u00e9n conocida como Schorl, es apreciada por su capacidad para actuar como un <strong>escudo energ\u00e9tico, absorbiendo y neutralizando las vibraciones discordantes<\/strong>.<\/p>\n<p>Nuestra colecci\u00f3n presenta esta piedra preciosa en formas variadas, desde pulseras hasta colgantes, cada una cuidadosamente seleccionada para resaltar su atractivo natural y propiedades protectoras.<\/p>\n","protected":false},"featured_media":609,"comment_status":"open","ping_status":"closed","template":"","meta":{"om_disable_all_campaigns":false,"_monsterinsights_skip_tracking":false,"_monsterinsights_sitenote_active":false,"_monsterinsights_sitenote_note":"","_monsterinsights_sitenote_category":0,"_uf_show_specific_survey":0,"_uf_disable_surveys":false},"product_cat":[15],"product_tag":[],"class_list":{"0":"post-22","1":"product","2":"type-product","3":"status-publish","4":"has-post-thumbnail","6":"product_cat-uncategorized","8":"first","9":"instock","10":"shipping-taxable","11":"purchasable","12":"product-type-simple"},"aioseo_notices":[],"jetpack_sharing_enabled":true,"_links":{"self":[{"href":"https:\/\/cristalesvida.com\/index.php\/wp-json\/wp\/v2\/product\/22","targetHints":{"allow":["GET"]}}],"collection":[{"href":"https:\/\/cristalesvida.com\/index.php\/wp-json\/wp\/v2\/product"}],"about":[{"href":"https:\/\/cristalesvida.com\/index.php\/wp-json\/wp\/v2\/types\/product"}],"replies":[{"embeddable":true,"href":"https:\/\/cristalesvida.com\/index.php\/wp-json\/wp\/v2\/comments?post=22"}],"wp:featuredmedia":[{"embeddable":true,"href":"https:\/\/cristalesvida.com\/index.php\/wp-json\/wp\/v2\/media\/609"}],"wp:attachment":[{"href":"https:\/\/cristalesvida.com\/index.php\/wp-json\/wp\/v2\/media?parent=22"}],"wp:term":[{"taxonomy":"product_cat","embeddable":true,"href":"https:\/\/cristalesvida.com\/index.php\/wp-json\/wp\/v2\/product_cat?post=22"},{"taxonomy":"product_tag","embeddable":true,"href":"https:\/\/cristalesvida.com\/index.php\/wp-json\/wp\/v2\/product_tag?post=22"}],"curies":[{"name":"wp","href":"https:\/\/api.w.org\/{rel}","templated":true}]}}