{"id":20,"date":"2019-04-18T11:08:43","date_gmt":"2019-04-18T11:08:43","guid":{"rendered":"https:\/\/envothemes.com\/envo-ecommerce\/product\/import-placeholder-for-51\/"},"modified":"2024-01-12T19:46:09","modified_gmt":"2024-01-12T18:46:09","slug":"single-shirt","status":"publish","type":"product","link":"https:\/\/cristalesvida.com\/index.php\/product\/single-shirt\/","title":{"rendered":"Or\u00e1culo de Runas en Cuarzo Ahumado"},"content":{"rendered":"<p>Sum\u00e9rgete en el misterioso mundo del <strong>Or\u00e1culo de Runas en Cuarzo Ahumado<\/strong>.<\/p>\n<p>Descubre la sabidur\u00eda ancestral y la magia de las runas talladas en la profunda esencia del cuarzo ahumado.<\/p>\n<p>Nuestra p\u00e1gina es un portal hacia la adivinaci\u00f3n, donde cada tirada de runas revela secretos del pasado, ilumina el presente y gu\u00eda hacia el futuro.<\/p>\n<p>Deja que la energ\u00eda terrosa del cuarzo ahumado te envuelva mientras exploras las respuestas que el universo tiene para ti. Explora nuestras tiradas personalizadas, aprende sobre el simbolismo de cada runa y permite que la conexi\u00f3n con esta antigua forma de adivinaci\u00f3n te lleve a nuevas perspectivas. \u00danete a nosotros en este viaje espiritual y despierta la magia que reside en las profundidades de las runas en cuarzo ahumado.<\/p>\n","protected":false},"excerpt":{"rendered":"<p>Sum\u00e9rgete en el misterioso mundo del <strong>Or\u00e1culo de Runas en Cuarzo Ahumado<\/strong>.<\/p>\n<p>Descubre la sabidur\u00eda ancestral y la magia de las runas talladas en la profunda esencia del cuarzo ahumado.<\/p>\n<p>Nuestra p\u00e1gina es un portal hacia la adivinaci\u00f3n, donde cada tirada de runas revela secretos del pasado, ilumina el presente y gu\u00eda hacia el futuro.<\/p>\n","protected":false},"featured_media":546,"comment_status":"open","ping_status":"closed","template":"","meta":{"om_disable_all_campaigns":false,"_monsterinsights_skip_tracking":false,"_monsterinsights_sitenote_active":false,"_monsterinsights_sitenote_note":"","_monsterinsights_sitenote_category":0,"_uf_show_specific_survey":0,"_uf_disable_surveys":false},"product_cat":[40,39],"product_tag":[],"class_list":{"0":"post-20","1":"product","2":"type-product","3":"status-publish","4":"has-post-thumbnail","6":"product_cat-cuarzo-ahumado","7":"product_cat-oraculos","9":"first","10":"instock","11":"featured","12":"downloadable","13":"virtual","14":"purchasable","15":"product-type-simple"},"aioseo_notices":[],"jetpack_sharing_enabled":true,"_links":{"self":[{"href":"https:\/\/cristalesvida.com\/index.php\/wp-json\/wp\/v2\/product\/20","targetHints":{"allow":["GET"]}}],"collection":[{"href":"https:\/\/cristalesvida.com\/index.php\/wp-json\/wp\/v2\/product"}],"about":[{"href":"https:\/\/cristalesvida.com\/index.php\/wp-json\/wp\/v2\/types\/product"}],"replies":[{"embeddable":true,"href":"https:\/\/cristalesvida.com\/index.php\/wp-json\/wp\/v2\/comments?post=20"}],"wp:featuredmedia":[{"embeddable":true,"href":"https:\/\/cristalesvida.com\/index.php\/wp-json\/wp\/v2\/media\/546"}],"wp:attachment":[{"href":"https:\/\/cristalesvida.com\/index.php\/wp-json\/wp\/v2\/media?parent=20"}],"wp:term":[{"taxonomy":"product_cat","embeddable":true,"href":"https:\/\/cristalesvida.com\/index.php\/wp-json\/wp\/v2\/product_cat?post=20"},{"taxonomy":"product_tag","embeddable":true,"href":"https:\/\/cristalesvida.com\/index.php\/wp-json\/wp\/v2\/product_tag?post=20"}],"curies":[{"name":"wp","href":"https:\/\/api.w.org\/{rel}","templated":true}]}}