{"id":18,"date":"2019-04-18T11:08:43","date_gmt":"2019-04-18T11:08:43","guid":{"rendered":"https:\/\/envothemes.com\/envo-ecommerce\/product\/import-placeholder-for-48\/"},"modified":"2024-01-12T19:32:09","modified_gmt":"2024-01-12T18:32:09","slug":"hard-top","status":"publish","type":"product","link":"https:\/\/cristalesvida.com\/index.php\/product\/hard-top\/","title":{"rendered":"Cuarzo Cristal"},"content":{"rendered":"<p>\u00a1Ad\u00e9ntrate en el resplandor et\u00e9reo y la pureza atemporal del Cuarzo Cristal en nuestra colecci\u00f3n \u00fanica! Descubre el encanto y la versatilidad de esta joya de la naturaleza, que ha cautivado a culturas de todo el mundo por siglos.<\/p>\n<p>El cuarzo cristal, conocido por su translucidez y claridad, es mucho m\u00e1s que una simple piedra preciosa. Es un conductor de energ\u00eda, una fuente de claridad mental y una presencia tranquilizadora. Nuestra colecci\u00f3n ofrece una variedad de formas y tama\u00f1os, desde exquisitos cristales naturales hasta esculturas pulidas, cada una destacando la belleza intr\u00ednseca y las propiedades espirituales del cuarzo.<\/p>\n<p>Utiliza el cuarzo cristal como un punto focal para la meditaci\u00f3n, un amuleto de energ\u00eda positiva o simplemente como una pieza impresionante para adornar tu hogar. Su capacidad para amplificar la energ\u00eda y aportar equilibrio lo convierte en un compa\u00f1ero esencial en tu viaje hacia el bienestar hol\u00edstico.<\/p>\n<p>Explora nuestra colecci\u00f3n y descubre c\u00f3mo el Cuarzo Cristal puede ser m\u00e1s que una joya; puede ser una herramienta para elevar la espiritualidad, promover la claridad y aportar una luminosidad et\u00e9rea a tu vida cotidiana.<\/p>\n","protected":false},"excerpt":{"rendered":"<p>\u00a1Ad\u00e9ntrate en el resplandor et\u00e9reo y la pureza atemporal del <strong>Cuarzo Cristal<\/strong> en nuestra colecci\u00f3n \u00fanica! Descubre el encanto y la versatilidad de esta joya de la naturaleza, que ha cautivado a culturas de todo el mundo por siglos.<\/p>\n<p>El cuarzo cristal, conocido por su translucidez y claridad, es mucho m\u00e1s que una simple piedra preciosa. <strong>Es un conductor de energ\u00eda, una fuente de claridad mental y una presencia tranquilizadora<\/strong>. Nuestra colecci\u00f3n ofrece una variedad de formas y tama\u00f1os, desde exquisitos cristales naturales hasta esculturas pulidas, cada una destacando la belleza intr\u00ednseca y las propiedades espirituales del cuarzo.<\/p>\n","protected":false},"featured_media":614,"comment_status":"open","ping_status":"closed","template":"","meta":{"om_disable_all_campaigns":false,"_monsterinsights_skip_tracking":false,"_monsterinsights_sitenote_active":false,"_monsterinsights_sitenote_note":"","_monsterinsights_sitenote_category":0,"_uf_show_specific_survey":0,"_uf_disable_surveys":false},"product_cat":[15],"product_tag":[],"class_list":{"0":"post-18","1":"product","2":"type-product","3":"status-publish","4":"has-post-thumbnail","6":"product_cat-uncategorized","8":"first","9":"instock","10":"shipping-taxable","11":"purchasable","12":"product-type-simple"},"aioseo_notices":[],"jetpack_sharing_enabled":true,"_links":{"self":[{"href":"https:\/\/cristalesvida.com\/index.php\/wp-json\/wp\/v2\/product\/18","targetHints":{"allow":["GET"]}}],"collection":[{"href":"https:\/\/cristalesvida.com\/index.php\/wp-json\/wp\/v2\/product"}],"about":[{"href":"https:\/\/cristalesvida.com\/index.php\/wp-json\/wp\/v2\/types\/product"}],"replies":[{"embeddable":true,"href":"https:\/\/cristalesvida.com\/index.php\/wp-json\/wp\/v2\/comments?post=18"}],"wp:featuredmedia":[{"embeddable":true,"href":"https:\/\/cristalesvida.com\/index.php\/wp-json\/wp\/v2\/media\/614"}],"wp:attachment":[{"href":"https:\/\/cristalesvida.com\/index.php\/wp-json\/wp\/v2\/media?parent=18"}],"wp:term":[{"taxonomy":"product_cat","embeddable":true,"href":"https:\/\/cristalesvida.com\/index.php\/wp-json\/wp\/v2\/product_cat?post=18"},{"taxonomy":"product_tag","embeddable":true,"href":"https:\/\/cristalesvida.com\/index.php\/wp-json\/wp\/v2\/product_tag?post=18"}],"curies":[{"name":"wp","href":"https:\/\/api.w.org\/{rel}","templated":true}]}}