{"id":730,"date":"2024-01-21T18:10:11","date_gmt":"2024-01-21T17:10:11","guid":{"rendered":"https:\/\/cristalesvida.com\/?page_id=730"},"modified":"2024-01-21T18:16:09","modified_gmt":"2024-01-21T17:16:09","slug":"meditaciones","status":"publish","type":"page","link":"https:\/\/cristalesvida.com\/index.php\/meditaciones\/","title":{"rendered":"Meditaci\u00f3n con Cuencos de Cuarzo"},"content":{"rendered":"\n<figure class=\"wp-block-image size-full is-resized\"><img fetchpriority=\"high\" decoding=\"async\" width=\"1080\" height=\"1340\" src=\"https:\/\/cristalesvida.com\/wp-content\/uploads\/2024\/01\/Screenshot_20240121_120235_Instagram.jpg\" alt=\"\" class=\"wp-image-729\" style=\"width:368px;height:auto\"\/><\/figure>\n\n\n\n<p>Los cuencos de cuarzo son instrumentos ancestrales que se utilizan en diversas pr\u00e1cticas meditativas. Estos cuencos, a menudo hechos de cuarzo fundido, emiten sonidos resonantes que tienen beneficios para la meditaci\u00f3n y el bienestar. <\/p>\n\n\n\n<p>En la meditaci\u00f3n, los tonos arm\u00f3nicos de los cuencos pueden ayudar a inducir estados de relajaci\u00f3n profunda, facilitando la concentraci\u00f3n y reduciendo el estr\u00e9s. <\/p>\n\n\n\n<p>Adem\u00e1s,  la vibraci\u00f3n producida por los cuencos de cuarzo puede tener efectos positivos en la energ\u00eda del cuerpo, alineando los chakras y promoviendo el equilibrio emocional. <\/p>\n\n\n\n<figure class=\"wp-block-image size-full\"><img decoding=\"async\" width=\"1080\" height=\"809\" src=\"https:\/\/cristalesvida.com\/wp-content\/uploads\/2024\/01\/Screenshot_20240121_120254_Instagram.jpg\" alt=\"\" class=\"wp-image-728\"\/><\/figure>\n\n\n\n<p>Cont\u00e1ctanos: <\/p>\n\n\n\n<p>300 8995217 Paula Andrea L\u00f3pez <\/p>\n\n\n\n<p><\/p>\n","protected":false},"excerpt":{"rendered":"<p>Los cuencos de cuarzo son instrumentos ancestrales que se utilizan en diversas pr\u00e1cticas meditativas. Estos cuencos, a menudo hechos de cuarzo fundido, emiten sonidos resonantes que tienen beneficios para la meditaci\u00f3n y el bienestar. En la meditaci\u00f3n, los tonos arm\u00f3nicos de los cuencos pueden ayudar a inducir estados de relajaci\u00f3n profunda, facilitando la concentraci\u00f3n y&hellip;<\/p>\n","protected":false},"author":1,"featured_media":0,"parent":0,"menu_order":0,"comment_status":"closed","ping_status":"closed","template":"","meta":{"om_disable_all_campaigns":false,"_monsterinsights_skip_tracking":false,"_monsterinsights_sitenote_active":false,"_monsterinsights_sitenote_note":"","_monsterinsights_sitenote_category":0,"_uf_show_specific_survey":0,"_uf_disable_surveys":false,"footnotes":""},"class_list":["post-730","page","type-page","status-publish","hentry"],"aioseo_notices":[],"jetpack_sharing_enabled":true,"_links":{"self":[{"href":"https:\/\/cristalesvida.com\/index.php\/wp-json\/wp\/v2\/pages\/730","targetHints":{"allow":["GET"]}}],"collection":[{"href":"https:\/\/cristalesvida.com\/index.php\/wp-json\/wp\/v2\/pages"}],"about":[{"href":"https:\/\/cristalesvida.com\/index.php\/wp-json\/wp\/v2\/types\/page"}],"author":[{"embeddable":true,"href":"https:\/\/cristalesvida.com\/index.php\/wp-json\/wp\/v2\/users\/1"}],"replies":[{"embeddable":true,"href":"https:\/\/cristalesvida.com\/index.php\/wp-json\/wp\/v2\/comments?post=730"}],"version-history":[{"count":2,"href":"https:\/\/cristalesvida.com\/index.php\/wp-json\/wp\/v2\/pages\/730\/revisions"}],"predecessor-version":[{"id":735,"href":"https:\/\/cristalesvida.com\/index.php\/wp-json\/wp\/v2\/pages\/730\/revisions\/735"}],"wp:attachment":[{"href":"https:\/\/cristalesvida.com\/index.php\/wp-json\/wp\/v2\/media?parent=730"}],"curies":[{"name":"wp","href":"https:\/\/api.w.org\/{rel}","templated":true}]}}